{"id":1309,"date":"2014-01-07T20:14:53","date_gmt":"2014-01-07T20:14:53","guid":{"rendered":"http:\/\/amscb.com\/?page_id=1309"},"modified":"2014-01-07T20:15:37","modified_gmt":"2014-01-07T20:15:37","slug":"saluda","status":"publish","type":"page","link":"https:\/\/amscb.com\/?page_id=1309","title":{"rendered":"Saluda"},"content":{"rendered":"<div class=\"auto-format ui--animation\"><p>Es un placer darte la bienvenida a la p\u00e1gina web de la Agrupaci\u00f3n Musical del Santo Cristo de la Bienaventuranza deseoso de que a trav\u00e9s de este medio puedas ser part\u00edcipe de todas las actividades en las que participamos, ense\u00f1\u00e1ndote nuestro d\u00eda a d\u00eda y mostr\u00e1ndote nuestra \u201cpasi\u00f3n\u201d, la m\u00fasica cofrade.<\/p>\n<p>Queremos que este medio sea una herramienta para acercarnos m\u00e1s a ti, rompiendo as\u00ed, cualquier tipo de barrera geogr\u00e1fica que nos separe. Aqu\u00ed os mostraremos todos los actos e iniciativas que se llevan a cabo, y que poco a poco, van escribiendo la historia de esta joven formaci\u00f3n. Esperamos que de esta forma te sientas m\u00e1s cerca de nosotros, pudiendo ver desde nuestros ojos, como vivimos todo un a\u00f1o esperando la llegada de poco m\u00e1s de siete d\u00edas m\u00e1gicos en los que nos sentimos plenamente orgullosos de  representar a nuestra querida Cofrad\u00eda del Santo Cristo de la Bienaventuranza.<\/p>\n<p>Luis Sergio de Juan<br \/>\nDirector de la AM SCB<\/p>\n<\/div>","protected":false},"excerpt":{"rendered":"<p>Es un placer darte la bienvenida a la p\u00e1gina web de la Agrupaci\u00f3n Musical del Santo Cristo de la Bienaventuranza deseoso de que a trav\u00e9s de este medio puedas ser part\u00edcipe de todas las actividades en las que participamos, ense\u00f1\u00e1ndote nuestro d\u00eda a d\u00eda y mostr\u00e1ndote nuestra \u201cpasi\u00f3n\u201d, la m\u00fasica cofrade. Queremos que este medio [&hellip;]<\/p>\n","protected":false},"author":1,"featured_media":0,"parent":0,"menu_order":0,"comment_status":"open","ping_status":"open","template":"page-fullwidth.php","meta":[],"_links":{"self":[{"href":"https:\/\/amscb.com\/index.php?rest_route=\/wp\/v2\/pages\/1309"}],"collection":[{"href":"https:\/\/amscb.com\/index.php?rest_route=\/wp\/v2\/pages"}],"about":[{"href":"https:\/\/amscb.com\/index.php?rest_route=\/wp\/v2\/types\/page"}],"author":[{"embeddable":true,"href":"https:\/\/amscb.com\/index.php?rest_route=\/wp\/v2\/users\/1"}],"replies":[{"embeddable":true,"href":"https:\/\/amscb.com\/index.php?rest_route=%2Fwp%2Fv2%2Fcomments&post=1309"}],"version-history":[{"count":1,"href":"https:\/\/amscb.com\/index.php?rest_route=\/wp\/v2\/pages\/1309\/revisions"}],"predecessor-version":[{"id":1310,"href":"https:\/\/amscb.com\/index.php?rest_route=\/wp\/v2\/pages\/1309\/revisions\/1310"}],"wp:attachment":[{"href":"https:\/\/amscb.com\/index.php?rest_route=%2Fwp%2Fv2%2Fmedia&parent=1309"}],"curies":[{"name":"wp","href":"https:\/\/api.w.org\/{rel}","templated":true}]}}