{"id":1311,"date":"2014-01-07T20:15:20","date_gmt":"2014-01-07T20:15:20","guid":{"rendered":"http:\/\/amscb.com\/?page_id=1311"},"modified":"2014-01-08T17:37:15","modified_gmt":"2014-01-08T17:37:15","slug":"historia","status":"publish","type":"page","link":"https:\/\/amscb.com\/?page_id=1311","title":{"rendered":"Historia"},"content":{"rendered":"<div  id=\"section-hqdp6\" class=\"fullwidth-content ui--section clearfix cloudfw-ui-parallax-effect section-hqdp6\"><div class=\"ui--video-background-holder\"><div  class=\"ui--parallax ui--cover\" data-stellar-ratio=\"0.3\"><\/div><\/div><div  class=\"ui--section-content\"><div class=\"container\"><div  class=\"ui--animation-in make--fx--caption-bottom ui--pass clearfix\" data-fx=\"fx--caption-bottom\" data-delay=\"1000\" data-start-delay=\"250\"><div  class=\"ui--tagline-box-wrapper ui--animation clearfix\"><div  id=\"tagline-1\" class=\"ui--tagline-box ui-row clearfix ui--tagline-box-custom-color radius-3px\" data-responsive=\"{&quot;css&quot;:{&quot;min-height&quot;:{&quot;phone&quot;:&quot;auto&quot;,&quot;tablet&quot;:&quot;auto&quot;,&quot;widescreen&quot;:&quot;&quot;}}}\"><div  class=\"ui--tagline-background-container ui--tagline-background-overlay radius-3px\"><\/div><div  class=\"ui--tagline-background-container ui--tagline-background-image radius-3px\"><\/div><div  class=\"ui--tagline-content\"><div class=\"ui--title ui--animation ui--title-bordered text-center\"><div class=\"ui--title-holder\"><h1 class=\"ui--title-text\" style=\"color: #0066ff !important;\">Historia<\/h1><div style=\"border-color: #0066ff !important;\" class=\"ui--title-borders ui--title-border-left\"><\/div><div style=\"border-color: #0066ff !important;\" class=\"ui--title-borders ui--title-border-right\"><\/div><\/div><\/div><div class=\"auto-format ui--animation\"><p>Despu\u00e9s de varios a\u00f1os de silencio, en Septiembre de 2011 irrumpe la regenerada Agrupaci\u00f3n Musical del Santo Cristo de la Bienaventuranza. <\/p>\n<p>Ve\u00eda as\u00ed la luz un ilusionante proyecto que se inici\u00f3 tan solo 2 meses antes cuando varios m\u00fasicos leoneses  daban los primeros pasos para intentar crear una formaci\u00f3n musical. <\/p>\n<p>Esta agrupaci\u00f3n nace con una sorprendente fuerza y su aparici\u00f3n p\u00fablica tendr\u00eda  lugar apenas un mes despu\u00e9s de iniciada su andadura. Posteriormente el d\u00eda 04 de Febrero de 2012, con el aforo del auditorio Ciudad de Le\u00f3n completo, esta agrupaci\u00f3n ofreci\u00f3 el concierto de presentaci\u00f3n oficial de la misma, con su traje de gala, 12 marchas y una emotiva presentaci\u00f3n que pusieron en pie al total de los asistentes al mismo.<br \/>\nA partir de este momento, han sido innumerables las actuaciones de la agrupaci\u00f3n, actuando en lugares tan emblem\u00e1ticos como el Claustro de San Isidoro, el Patio de la Excma. Diputaci\u00f3n de Le\u00f3n, o La Bas\u00edlica de la Virgen del Camino entre otros.  <\/p>\n<p>El estilo musical en el que se inspira la agrupaci\u00f3n es el estilo de la Agrupaci\u00f3n Musical de Nuestra Se\u00f1ora de los Reyes de Sevilla, con la que ha tenido el honor de compartir escenario primero en Le\u00f3n el d\u00eda 16 de marzo de 2014, fecha que quedar\u00e1 grabada a fuego en la memoria de cada uno de los que estuvimos presentes y cuyo momento \u00e1lgido fue el instante en que ambas formaciones se hermanaban sobre el escenario de un abarrotado auditorio de Le\u00f3n y m\u00e1s tarde en Sevilla y as\u00ed el 28 de febrero de 2015 la agrupaci\u00f3n ofrec\u00eda sus sones en la cuna de las agrupaciones musicales y en 2 conciertos emblem\u00e1ticos, primero en el antiguo Comp\u00e1s de la Laguna, a los pies del \u201cDespojado\u201d de la plaza de Molviedro y m\u00e1s tarde en la Alameda de H\u00e9rcules en el concierto de Jesus de la Paz de la hermandad del Carmen Doloroso.<\/p>\n<p> Su amplio repertorio est\u00e1 formado por piezas musicales cl\u00e1sicas y de gran importancia en la historia de la citada formaci\u00f3n, as\u00ed como de su historia m\u00e1s reciente, a parte de un buen pu\u00f1ado de composiciones propias, alguna de las cuales ya ha calado en el mundo cofrade leon\u00e9s.<br \/>\nEn cuanto a su uniformidad, la formaci\u00f3n tiene dos alternativas y ofrece la posibilidad a quien solicite su actuaci\u00f3n de que escoja cu\u00e1l de ellas desea que utilicen en la misma.<\/p>\n<p>Por un lado, el h\u00e1bito reglamentario de la cofrad\u00eda y por otro  el traje de gala, inspirado en  el uniforme de gala de la caballer\u00eda de la guardia civil adaptado a los colores  propios de la Cofrad\u00eda.  <\/p>\n<p>Esta es inicialmente la presentaci\u00f3n de la breve historia de la agrupaci\u00f3n a la que esperamos poder a\u00f1adir numerosos y exitosos cap\u00edtulos e ir cumpliendo as\u00ed con los ambiciosos proyectos que  nos hemos planteado.<\/p>\n<\/div><\/div><\/div><\/div><\/div><\/div><\/div><\/div><!-- \/.fullwidth-container -->","protected":false},"excerpt":{"rendered":"<p>HistoriaDespu\u00e9s de varios a\u00f1os de silencio, en Septiembre de 2011 irrumpe la regenerada Agrupaci\u00f3n Musical del Santo Cristo de la Bienaventuranza. Ve\u00eda as\u00ed la luz un ilusionante proyecto que se inici\u00f3 tan solo 2 meses antes cuando varios m\u00fasicos leoneses daban los primeros pasos para intentar crear una formaci\u00f3n musical. Esta agrupaci\u00f3n nace con una [&hellip;]<\/p>\n","protected":false},"author":1,"featured_media":0,"parent":0,"menu_order":0,"comment_status":"open","ping_status":"open","template":"page-fullwidth.php","meta":[],"_links":{"self":[{"href":"https:\/\/amscb.com\/index.php?rest_route=\/wp\/v2\/pages\/1311"}],"collection":[{"href":"https:\/\/amscb.com\/index.php?rest_route=\/wp\/v2\/pages"}],"about":[{"href":"https:\/\/amscb.com\/index.php?rest_route=\/wp\/v2\/types\/page"}],"author":[{"embeddable":true,"href":"https:\/\/amscb.com\/index.php?rest_route=\/wp\/v2\/users\/1"}],"replies":[{"embeddable":true,"href":"https:\/\/amscb.com\/index.php?rest_route=%2Fwp%2Fv2%2Fcomments&post=1311"}],"version-history":[{"count":1,"href":"https:\/\/amscb.com\/index.php?rest_route=\/wp\/v2\/pages\/1311\/revisions"}],"predecessor-version":[{"id":1312,"href":"https:\/\/amscb.com\/index.php?rest_route=\/wp\/v2\/pages\/1311\/revisions\/1312"}],"wp:attachment":[{"href":"https:\/\/amscb.com\/index.php?rest_route=%2Fwp%2Fv2%2Fmedia&parent=1311"}],"curies":[{"name":"wp","href":"https:\/\/api.w.org\/{rel}","templated":true}]}}