{"id":1317,"date":"2014-01-07T20:17:16","date_gmt":"2014-01-07T20:17:16","guid":{"rendered":"http:\/\/amscb.com\/?page_id=1317"},"modified":"2023-04-11T01:09:34","modified_gmt":"2023-04-11T01:09:34","slug":"repertorio","status":"publish","type":"page","link":"https:\/\/amscb.com\/?page_id=1317","title":{"rendered":"Repertorio"},"content":{"rendered":"<div  id=\"section-ihe3n\" class=\"fullwidth-content ui--section clearfix cloudfw-ui-parallax-effect section-ihe3n\"><div class=\"ui--video-background-holder\"><div  class=\"ui--parallax ui--cover\" data-stellar-ratio=\"0.3\"><\/div><\/div><div  class=\"ui--section-content\" style=\"padding-top: 0px;  padding-bottom: 0px;\"><div class=\"container\"><div  class=\"ui--animation-in make--fx--caption-bottom ui--pass clearfix\" data-fx=\"fx--caption-bottom\" data-delay=\"250\" data-start-delay=\"0\"><div class=\"ui--title ui--animation ui--title-bordered text-center\"><div class=\"ui--title-holder\"><h1 class=\"ui--title-text\" style=\"color: #0066ff !important;\">Repertorio<\/h1><div style=\"border-color: #0066ff !important;\" class=\"ui--title-borders ui--title-border-left\"><\/div><div style=\"border-color: #0066ff !important;\" class=\"ui--title-borders ui--title-border-right\"><\/div><\/div><\/div><div  class=\"ui--tabs ui--tabs-mini ui--tabs-mini-horizontal clearfix text-center\"><div class=\"ui--tabs-header clearfix\"><div class=\"ui--tabs-header-holder\"><div class=\"ui--tabs-border-before\"><\/div><div class=\"ui--tabs-border-after\"><\/div><ul class=\"ui--tabs-titles clearfix unstyled\"><li class=\"\"><h5><a href=\"#tab-1-1\">Marchas Cl\u00e1sicas<\/a><\/h5><\/li><li class=\"\"><h5><a href=\"#tab-1-2\">Marchas Propias<\/a><\/h5><\/li><li class=\"\"><h5><a href=\"#tab-1-3\">Marchas Virgen de los Reyes<\/a><\/h5><\/li><\/ul><\/div><\/div><div class=\"clearfix\"><\/div><ul class=\"ui--tabs-contents text-left clearfix\"><li id=\"tab-1-1\" class=\"hidden\"> <div class=\"ui-row row\">\n <div   class=\"ui-column span8\"><div><table cellspacing=\"0\" cellpadding=\"0\">\r\n  <col width=\"306\" \/>\r\n  <col width=\"80\" \/>\r\n  <col width=\"264\" \/>\r\n<tr>\r\n<td width=\"306\"><h3>Alma de Dios: Flautas y liras.  <\/h3><\/td>\r\n<\/tr>\r\n  <tr>\r\n<td width=\"306\"><h3>Azucena de Sevilla: Liras. <\/h3><\/td>\r\n<\/tr>\r\n  <tr>\r\n<td width=\"306\"><h3>Cerca de ti se\u00f1or: Liras. <\/h3><\/td>\r\n<\/tr>\r\n  <tr>\r\n<td width=\"306\"><h3>Cristo de las cinco llagas: Liras.<\/h3><\/td>\r\n<\/tr>\r\n  <tr>\r\n<td width=\"306\"><h3>Cristus Vincit: Liras. <\/h3><\/td>\r\n<\/tr>\r\n  <tr>\r\n<td width=\"306\"><h3>Creo en Jes\u00fas: Liras. <\/h3><\/td>\r\n<\/tr>\r\n  <tr>\r\n<td width=\"306\"><h3>Costalero. <\/h3><\/td>\r\n<\/tr>\r\n  <tr>\r\n<td width=\"306\"><h3>Consuelo Gitano. <\/h3><\/td>\r\n<\/tr>\r\n  <tr>\r\n<td width=\"306\"><h3>Dolores y Misericordia: Liras. <\/h3><\/td>\r\n<\/tr>\r\n  <tr>\r\n<td width=\"306\"><h3>Eres de todos: Liras. <\/h3><\/td>\r\n<\/tr>\r\n  <tr>\r\n<td width=\"306\"><h3>Himno a la Virgen del Camino. Lira<\/h3><\/td>\r\n<\/tr>\r\n  <tr>\r\n<td width=\"306\"><h3>Himno de San Antonio: Flautas y liras. <\/h3><\/td>\r\n<\/tr>\r\n  <tr>\r\n<td width=\"306\"><h3>Jes\u00fas Despojado: Liras. <\/h3><\/td>\r\n<\/tr>\r\n  <tr>\r\n<td width=\"306\"><h3>La herencia del Maestro: Flautas y liras. <\/h3><\/td>\r\n<\/tr>\r\n  <tr>\r\n<td width=\"306\"><h3>La muerte no es el final. Liras.<\/h3><\/td>\r\n<\/tr>\r\n  <tr>\r\n<td width=\"306\"><h3>La Salve de la Guardia Civil: Liras.  <\/h3><\/td>\r\n<\/tr>\r\n  <tr>\r\n<td width=\"306\"><h3>Oh pecador: Liras. ESTRENO.<\/h3><\/td>\r\n<\/tr>\r\n  <tr>\r\n<td width=\"306\"><h3>Pasa la Virgen del Refugio: Liras. <\/h3><\/td>\r\n<\/tr>\r\n  <tr>\r\n<td width=\"306\"><h3>Perdona a tu pueblo Se\u00f1or: Liras. <\/h3><\/td>\r\n<\/tr>\r\n  <tr>\r\n<td width=\"306\"><h3>Resucit\u00f3: Liras. <\/h3><\/td>\r\n<\/tr>\r\n  <tr>\r\n<td width=\"306\"><h3>Sabed que vendr\u00e1: Liras.<\/h3><\/td>\r\n<\/tr>\r\n  <tr>\r\n<td width=\"306\"><h3>Salve a Don Bosco Santo: Liras. <\/h3><\/td>\r\n<\/tr>\r\n  <tr>\r\n<td width=\"306\"><h3>Virgen de las Angustias: Liras<\/h3>\r\n<\/td>\r\n<\/tr>\r\n  <tr>\r\n<\/div><\/div> \n\n <div   class=\"ui-column span4\"><div class=\"ui--box-widget\"><div  class=\"ui--content-box ui--box ui--content-item ui--animation ui-row\"><div class=\"ui--content-box-header\"><div class=\"ui--content-box-media effect--fade type--default clearfix\"><div class=\"ui--content-box-video clearfix\"><div class=\"ui--video-wrapper clearfix\"><div class=\"ui--video ui--video-16-9\" style=\"padding-bottom: 56.25%;\"><iframe title=\"A.M. BIENAVENTURANZA DE LEON 2020\" width=\"960\" height=\"540\" src=\"https:\/\/www.youtube.com\/embed\/YIDBFfmZFDY?wmode=transparent&amp;vq=hd1080&amp;rel=0&amp;showinfo=0&amp;iframe=1&amp;fs=1&amp;modestbranding=0&amp;autoplay=0&amp;theme=dark&feature=oembed\" frameborder=\"0\" allow=\"accelerometer; autoplay; clipboard-write; encrypted-media; gyroscope; picture-in-picture; web-share\" referrerpolicy=\"strict-origin-when-cross-origin\" allowfullscreen><\/iframe><\/div><\/div><\/div><\/div><div class=\"ui--content-box-title ui--gradient ui--gradient-grey on--hover clearfix text-center\"><h5 class=\"ui--content-box-title-text\">Bienaventurado tu reino<\/h5><\/div><\/div><\/div><\/div><div class=\"ui--box-widget\"><div  class=\"ui--content-box ui--box ui--content-item ui--animation ui-row\"><div class=\"ui--content-box-header\"><div class=\"ui--content-box-media effect--fade type--default clearfix\"><div class=\"ui--content-box-video clearfix\"><div class=\"ui--video-wrapper clearfix\"><div class=\"ui--video ui--video-16-9\" style=\"padding-bottom: 56.25%;\"><iframe title=\"&#091;HD&#093; AM Santo Cristo de la Bienaventuranza : &quot;Se\u00f1or danos tu Bendici\u00f3n&quot;\" width=\"960\" height=\"540\" src=\"https:\/\/www.youtube.com\/embed\/WtkUpydzyyE?wmode=transparent&amp;vq=hd1080&amp;rel=0&amp;showinfo=0&amp;iframe=1&amp;fs=1&amp;modestbranding=0&amp;autoplay=0&amp;theme=dark&feature=oembed\" frameborder=\"0\" allow=\"accelerometer; autoplay; clipboard-write; encrypted-media; gyroscope; picture-in-picture; web-share\" referrerpolicy=\"strict-origin-when-cross-origin\" allowfullscreen><\/iframe><\/div><\/div><\/div><\/div><div class=\"ui--content-box-title ui--gradient ui--gradient-grey on--hover clearfix text-center\"><h5 class=\"ui--content-box-title-text\">Se\u00f1or danos tu bendici\u00f3n<\/h5><\/div><\/div><\/div><\/div><div class=\"ui--box-widget\"><div  class=\"ui--content-box ui--box ui--content-item ui--animation ui-row\"><div class=\"ui--content-box-header\"><div class=\"ui--content-box-media effect--fade type--default clearfix\"><div class=\"ui--content-box-video clearfix\"><div class=\"ui--video-wrapper clearfix\"><div class=\"ui--video ui--video-16-9\" style=\"padding-bottom: 56.25%;\"><iframe title=\"AM Bienaventuranza (Le\u00f3n) - Madre de la Misericordia - Concierto Hdad. Divino Perd\u00f3n\" width=\"960\" height=\"540\" src=\"https:\/\/www.youtube.com\/embed\/fk3lBxtOiiI?wmode=transparent&amp;vq=hd1080&amp;rel=0&amp;showinfo=0&amp;iframe=1&amp;fs=1&amp;modestbranding=0&amp;autoplay=0&amp;theme=dark&start=38&feature=oembed\" frameborder=\"0\" allow=\"accelerometer; autoplay; clipboard-write; encrypted-media; gyroscope; picture-in-picture; web-share\" referrerpolicy=\"strict-origin-when-cross-origin\" allowfullscreen><\/iframe><\/div><\/div><\/div><\/div><div class=\"ui--content-box-title ui--gradient ui--gradient-grey on--hover clearfix text-center\"><h5 class=\"ui--content-box-title-text\">Madre de la Misericordia<\/h5><\/div><\/div><\/div><\/div><div class=\"ui--box-widget\"><div  class=\"ui--content-box ui--box ui--content-item ui--animation ui-row\"><div class=\"ui--content-box-header\"><div class=\"ui--content-box-media effect--fade type--default clearfix\"><div class=\"ui--content-box-video clearfix\"><div class=\"ui--video-wrapper clearfix\"><div class=\"ui--video ui--video-16-9\" style=\"padding-bottom: 56.25%;\"><iframe title=\"AM SCB - A mi Esperanza - Concierto Besamanos Nuestra Se\u00f1ora de la Esperanza 2019\" width=\"960\" height=\"540\" src=\"https:\/\/www.youtube.com\/embed\/Ui-aGbWg8WE?wmode=transparent&amp;vq=hd1080&amp;rel=0&amp;showinfo=0&amp;iframe=1&amp;fs=1&amp;modestbranding=0&amp;autoplay=0&amp;theme=dark&feature=oembed\" frameborder=\"0\" allow=\"accelerometer; autoplay; clipboard-write; encrypted-media; gyroscope; picture-in-picture; web-share\" referrerpolicy=\"strict-origin-when-cross-origin\" allowfullscreen><\/iframe><\/div><\/div><\/div><\/div><div class=\"ui--content-box-title ui--gradient ui--gradient-grey on--hover clearfix text-center\"><h5 class=\"ui--content-box-title-text\">A mi Esperanza<\/h5><\/div><\/div><\/div><\/div><div class=\"ui--box-widget\"><div  class=\"ui--content-box ui--box ui--content-item ui--animation ui-row\"><div class=\"ui--content-box-header\"><div class=\"ui--content-box-media effect--fade type--default clearfix\"><div class=\"ui--content-box-video clearfix\"><div class=\"ui--video-wrapper clearfix\"><div class=\"ui--video ui--video-16-9\" style=\"padding-bottom: 56.25%;\"><iframe title=\"AM Santo Cristo de la Bienaventuranza - Nuestra Madre de la Piedad - VII Aniversario\" width=\"960\" height=\"540\" src=\"https:\/\/www.youtube.com\/embed\/m_HjceAHo50?wmode=transparent&amp;vq=hd1080&amp;rel=0&amp;showinfo=0&amp;iframe=1&amp;fs=1&amp;modestbranding=0&amp;autoplay=0&amp;theme=dark&feature=oembed\" frameborder=\"0\" allow=\"accelerometer; autoplay; clipboard-write; encrypted-media; gyroscope; picture-in-picture; web-share\" referrerpolicy=\"strict-origin-when-cross-origin\" allowfullscreen><\/iframe><\/div><\/div><\/div><\/div><div class=\"ui--content-box-title ui--gradient ui--gradient-grey on--hover clearfix text-center\"><h5 class=\"ui--content-box-title-text\">Nuestra Madre de la Piedad <\/h5><\/div><\/div><\/div><\/div><div class=\"ui--box-widget\"><div  class=\"ui--content-box ui--box ui--content-item ui--animation ui-row\"><div class=\"ui--content-box-header\"><div class=\"ui--content-box-media effect--fade type--default clearfix\"><div class=\"ui--content-box-video clearfix\"><div class=\"ui--video-wrapper clearfix\"><div class=\"ui--video ui--video-16-9\" style=\"padding-bottom: 56.25%;\"><iframe title=\"\ud83d\udd34\ud83d\udce1 Concierto Sue\u00f1os de un Ayer \ud83c\udfb6 A.M. Sto. Cristo de la Bienaventurzanza \ud83d\udcc5 04\/02\/17\" width=\"960\" height=\"540\" src=\"https:\/\/www.youtube.com\/embed\/2nxb3Tqc200?wmode=transparent&amp;vq=hd1080&amp;rel=0&amp;showinfo=0&amp;iframe=1&amp;fs=1&amp;modestbranding=0&amp;autoplay=0&amp;theme=dark&start=397&feature=oembed\" frameborder=\"0\" allow=\"accelerometer; autoplay; clipboard-write; encrypted-media; gyroscope; picture-in-picture; web-share\" referrerpolicy=\"strict-origin-when-cross-origin\" allowfullscreen><\/iframe><\/div><\/div><\/div><\/div><div class=\"ui--content-box-title ui--gradient ui--gradient-grey on--hover clearfix text-center\"><h5 class=\"ui--content-box-title-text\">Concierto completo \"Sue\u00f1os de un ayer\"<\/h5><\/div><\/div><\/div><\/div><div class=\"ui--box-widget\"><div  class=\"ui--content-box ui--box ui--content-item ui--animation ui-row\"><div class=\"ui--content-box-header\"><div class=\"ui--content-box-media effect--fade type--default clearfix\"><div class=\"ui--content-box-video clearfix\"><div class=\"ui--video-wrapper clearfix\"><div class=\"ui--video ui--video-16-9\" style=\"padding-bottom: 56.25%;\"><iframe title=\"Caridad del Guadalquivir + La Tierra Prometida - AM SCB\" width=\"960\" height=\"540\" src=\"https:\/\/www.youtube.com\/embed\/AJ_QvWet6ok?wmode=transparent&amp;vq=hd1080&amp;rel=0&amp;showinfo=0&amp;iframe=1&amp;fs=1&amp;modestbranding=0&amp;autoplay=0&amp;theme=dark&feature=oembed\" frameborder=\"0\" allow=\"accelerometer; autoplay; clipboard-write; encrypted-media; gyroscope; picture-in-picture; web-share\" referrerpolicy=\"strict-origin-when-cross-origin\" allowfullscreen><\/iframe><\/div><\/div><\/div><\/div><div class=\"ui--content-box-title ui--gradient ui--gradient-grey on--hover clearfix text-center\"><h5 class=\"ui--content-box-title-text\">Otra visi\u00f3n de nuestra banda<\/h5><\/div><\/div><\/div><\/div><\/div> \n\n<\/div> \n <\/li><li id=\"tab-1-2\" class=\"hidden\"> <div class=\"ui-row row\">\n <div   class=\"ui-column span8\"><div><table cellspacing=\"0\" cellpadding=\"0\">\r\n  <col width=\"306\" \/>\r\n  <col width=\"80\" \/>\r\n  <col width=\"264\" \/>\r\n<tr>\r\n<td width=\"306\"><h3>Alma de Dios: Flautas y liras.  <\/h3><\/td>\r\n<\/tr>\r\n  <tr>\r\n<td width=\"306\"><h3>Azucena de Sevilla: Liras. <\/h3><\/td>\r\n<\/tr>\r\n  <tr>\r\n<td width=\"306\"><h3>Cerca de ti se\u00f1or: Liras. <\/h3><\/td>\r\n<\/tr>\r\n  <tr>\r\n<td width=\"306\"><h3>Cristo de las cinco llagas: Liras.<\/h3><\/td>\r\n<\/tr>\r\n  <tr>\r\n<td width=\"306\"><h3>Cristus Vincit: Liras. <\/h3><\/td>\r\n<\/tr>\r\n  <tr>\r\n<td width=\"306\"><h3>Creo en Jes\u00fas: Liras. <\/h3><\/td>\r\n<\/tr>\r\n  <tr>\r\n<td width=\"306\"><h3>Costalero. <\/h3><\/td>\r\n<\/tr>\r\n  <tr>\r\n<td width=\"306\"><h3>Consuelo Gitano. <\/h3><\/td>\r\n<\/tr>\r\n  <tr>\r\n<td width=\"306\"><h3>Dolores y Misericordia: Liras. <\/h3><\/td>\r\n<\/tr>\r\n  <tr>\r\n<td width=\"306\"><h3>Eres de todos: Liras. <\/h3><\/td>\r\n<\/tr>\r\n  <tr>\r\n<td width=\"306\"><h3>Himno a la Virgen del Camino. Lira<\/h3><\/td>\r\n<\/tr>\r\n  <tr>\r\n<td width=\"306\"><h3>Himno de San Antonio: Flautas y liras. <\/h3><\/td>\r\n<\/tr>\r\n  <tr>\r\n<td width=\"306\"><h3>Jes\u00fas Despojado: Liras. <\/h3><\/td>\r\n<\/tr>\r\n  <tr>\r\n<td width=\"306\"><h3>La herencia del Maestro: Flautas y liras. <\/h3><\/td>\r\n<\/tr>\r\n  <tr>\r\n<td width=\"306\"><h3>La muerte no es el final. Liras.<\/h3><\/td>\r\n<\/tr>\r\n  <tr>\r\n<td width=\"306\"><h3>La Salve de la Guardia Civil: Liras.  <\/h3><\/td>\r\n<\/tr>\r\n  <tr>\r\n<td width=\"306\"><h3>Oh pecador: Liras. ESTRENO.<\/h3><\/td>\r\n<\/tr>\r\n  <tr>\r\n<td width=\"306\"><h3>Pasa la Virgen del Refugio: Liras. <\/h3><\/td>\r\n<\/tr>\r\n  <tr>\r\n<td width=\"306\"><h3>Perdona a tu pueblo Se\u00f1or: Liras. <\/h3><\/td>\r\n<\/tr>\r\n  <tr>\r\n<td width=\"306\"><h3>Resucit\u00f3: Liras. <\/h3><\/td>\r\n<\/tr>\r\n  <tr>\r\n<td width=\"306\"><h3>Sabed que vendr\u00e1: Liras.<\/h3><\/td>\r\n<\/tr>\r\n  <tr>\r\n<td width=\"306\"><h3>Salve a Don Bosco Santo: Liras. <\/h3><\/td>\r\n<\/tr>\r\n  <tr>\r\n<td width=\"306\"><h3>Virgen de las Angustias: Liras<\/h3>\r\n<\/td>\r\n<\/tr>\r\n  <tr>\r\n<\/div><\/div> \n\n <div   class=\"ui-column span4\"><div class=\"ui--box-widget\"><div  class=\"ui--content-box ui--box ui--content-item ui--animation ui-row\"><div class=\"ui--content-box-header\"><div class=\"ui--content-box-media effect--fade type--default clearfix\"><div class=\"ui--content-box-video clearfix\"><div class=\"ui--video-wrapper clearfix\"><div class=\"ui--video ui--video-16-9\" style=\"padding-bottom: 56.25%;\"><iframe title=\"AM SCB &quot;I Will Survive&quot; - Cabalgata Reyes Magos Gij\u00f3n 2019\" width=\"960\" height=\"540\" src=\"https:\/\/www.youtube.com\/embed\/dJi_7_479-0?wmode=transparent&amp;vq=hd1080&amp;rel=0&amp;showinfo=0&amp;iframe=1&amp;fs=1&amp;modestbranding=0&amp;autoplay=0&amp;theme=dark&start=73&feature=oembed\" frameborder=\"0\" allow=\"accelerometer; autoplay; clipboard-write; encrypted-media; gyroscope; picture-in-picture; web-share\" referrerpolicy=\"strict-origin-when-cross-origin\" allowfullscreen><\/iframe><\/div><\/div><\/div><\/div><div class=\"ui--content-box-title ui--gradient ui--gradient-grey on--hover clearfix text-center\"><h5 class=\"ui--content-box-title-text\">I will survive<\/h5><\/div><\/div><\/div><\/div><div class=\"ui--box-widget\"><div  class=\"ui--content-box ui--box ui--content-item ui--animation ui-row\"><div class=\"ui--content-box-header\"><div class=\"ui--content-box-media effect--fade type--default clearfix\"><div class=\"ui--content-box-video clearfix\"><div class=\"ui--video-wrapper clearfix\"><div class=\"ui--video ui--video-16-9\" style=\"padding-bottom: 56.25%;\"><iframe title=\"GO WEST- AM SCB (23\/12\/16)\" width=\"960\" height=\"540\" src=\"https:\/\/www.youtube.com\/embed\/xD1VNjzk6N8?wmode=transparent&amp;vq=hd1080&amp;rel=0&amp;showinfo=0&amp;iframe=1&amp;fs=1&amp;modestbranding=0&amp;autoplay=0&amp;theme=dark&feature=oembed\" frameborder=\"0\" allow=\"accelerometer; autoplay; clipboard-write; encrypted-media; gyroscope; picture-in-picture; web-share\" referrerpolicy=\"strict-origin-when-cross-origin\" allowfullscreen><\/iframe><\/div><\/div><\/div><\/div><div class=\"ui--content-box-title ui--gradient ui--gradient-grey on--hover clearfix text-center\"><h5 class=\"ui--content-box-title-text\">Go west<\/h5><\/div><\/div><\/div><\/div><div class=\"ui--box-widget\"><div  class=\"ui--content-box ui--box ui--content-item ui--animation ui-row\"><div class=\"ui--content-box-header\"><div class=\"ui--content-box-media effect--fade type--default clearfix\"><div class=\"ui--content-box-video clearfix\"><div class=\"ui--video-wrapper clearfix\"><div class=\"ui--video ui--video-16-9\" style=\"padding-bottom: 56.25%;\"><iframe title=\"AM Santo Cristo de la Bienaventuranza - El Rey Le\u00f3n - Pasacalles Navide\u00f1o 2016\" width=\"960\" height=\"540\" src=\"https:\/\/www.youtube.com\/embed\/iRm-aUeSKLs?wmode=transparent&amp;vq=hd1080&amp;rel=0&amp;showinfo=0&amp;iframe=1&amp;fs=1&amp;modestbranding=0&amp;autoplay=0&amp;theme=dark&feature=oembed\" frameborder=\"0\" allow=\"accelerometer; autoplay; clipboard-write; encrypted-media; gyroscope; picture-in-picture; web-share\" referrerpolicy=\"strict-origin-when-cross-origin\" allowfullscreen><\/iframe><\/div><\/div><\/div><\/div><div class=\"ui--content-box-title ui--gradient ui--gradient-grey on--hover clearfix text-center\"><strong class=\"ui--content-box-title-text\">El Rey Le\u00f3n<\/strong><\/div><\/div><\/div><\/div><\/div> \n\n<\/div> \n <\/li><li id=\"tab-1-3\" class=\"hidden\"> <ul class=\"ui--list list-circle parent-1\"><li class=\"child-1 total-3 ui--animation\">Al Dios de la Bienaventuranza. \r\nA mi Esperanza. \r\nA ti, Carmelo. \r\nBienaventurado tu Reino. RECUPERACI\u00d3N.\r\nHa llegado la hora\u2026 ESTRENO. \r\nIesum Nazarenum. RECUPERACI\u00d3N.\r\nLa luz de la esperanza.\r\nMadre de la Misericordia: Liras.\r\nSanto Cristo de la Bienaventuranza \r\nSe\u00f1or danos tu bendici\u00f3n. RECUPERACI\u00d3N.\r\nShalom Aleijem. RECUPERACI\u00d3N.\r\nSi\u00f3n. RECUPERACI\u00d3N.\r\nSue\u00f1os de un ayer. RECUPERACI\u00d3N.<\/li><li class=\"child-2 total-3 ui--animation\"> \u00a1A la Gloria! <\/li><li class=\"child-3 total-3 ui--animation\"> \u00a1A la Gloria! <\/li>  <\/ul> <\/li><\/ul><\/div><\/div><\/div><\/div><\/div><!-- \/.fullwidth-container --><div  class=\"ui--tagline-box-wrapper ui--animation clearfix\"><div  id=\"tagline-1\" class=\"ui--tagline-box ui-row clearfix ui--tagline-box-custom-color radius-3px\" data-responsive=\"{&quot;css&quot;:{&quot;min-height&quot;:{&quot;phone&quot;:&quot;auto&quot;,&quot;tablet&quot;:&quot;auto&quot;,&quot;widescreen&quot;:&quot;&quot;}}}\"><div  class=\"ui--tagline-background-container ui--tagline-background-overlay radius-3px\"><\/div><div  class=\"ui--tagline-background-container ui--tagline-background-image radius-3px\"><\/div><div  class=\"ui--tagline-content\"><\/div><\/div><\/div>","protected":false},"excerpt":{"rendered":"<p>RepertorioMarchas Cl\u00e1sicasMarchas PropiasMarchas Virgen de los Reyes Alma de Dios: Flautas y liras. Azucena de Sevilla: Liras. Cerca de ti se\u00f1or: Liras. Cristo de las cinco llagas: Liras. Cristus Vincit: Liras. Creo en Jes\u00fas: Liras. Costalero. Consuelo Gitano. Dolores y Misericordia: Liras. Eres de todos: Liras. Himno a la Virgen del Camino. Lira Himno de [&hellip;]<\/p>\n","protected":false},"author":1,"featured_media":0,"parent":0,"menu_order":0,"comment_status":"open","ping_status":"open","template":"page-fullwidth.php","meta":[],"_links":{"self":[{"href":"https:\/\/amscb.com\/index.php?rest_route=\/wp\/v2\/pages\/1317"}],"collection":[{"href":"https:\/\/amscb.com\/index.php?rest_route=\/wp\/v2\/pages"}],"about":[{"href":"https:\/\/amscb.com\/index.php?rest_route=\/wp\/v2\/types\/page"}],"author":[{"embeddable":true,"href":"https:\/\/amscb.com\/index.php?rest_route=\/wp\/v2\/users\/1"}],"replies":[{"embeddable":true,"href":"https:\/\/amscb.com\/index.php?rest_route=%2Fwp%2Fv2%2Fcomments&post=1317"}],"version-history":[{"count":11,"href":"https:\/\/amscb.com\/index.php?rest_route=\/wp\/v2\/pages\/1317\/revisions"}],"predecessor-version":[{"id":628956,"href":"https:\/\/amscb.com\/index.php?rest_route=\/wp\/v2\/pages\/1317\/revisions\/628956"}],"wp:attachment":[{"href":"https:\/\/amscb.com\/index.php?rest_route=%2Fwp%2Fv2%2Fmedia&parent=1317"}],"curies":[{"name":"wp","href":"https:\/\/api.w.org\/{rel}","templated":true}]}}