{"id":1319,"date":"2014-01-07T20:17:44","date_gmt":"2014-01-07T20:17:44","guid":{"rendered":"http:\/\/amscb.com\/?page_id=1319"},"modified":"2014-01-08T18:53:52","modified_gmt":"2014-01-08T18:53:52","slug":"uniformidad","status":"publish","type":"page","link":"https:\/\/amscb.com\/?page_id=1319","title":{"rendered":"Uniformidad"},"content":{"rendered":"<div  id=\"section-6ld0f\" class=\"fullwidth-content ui--section clearfix cloudfw-ui-parallax-effect section-6ld0f\"><div class=\"ui--video-background-holder\"><div  class=\"ui--parallax ui--cover\" data-stellar-ratio=\"0.3\"><\/div><\/div><div  class=\"ui--section-content\"><div class=\"container\"><div  class=\"ui--animation-in make--fx--caption-bottom ui--pass clearfix\" data-fx=\"fx--caption-bottom\" data-delay=\"250\" data-start-delay=\"0\"><div class=\"ui--title ui--animation ui--title-bordered text-center\"><div class=\"ui--title-holder\"><h1 class=\"ui--title-text\" style=\"color: #0066ff !important;\">Uniformidad<\/h1><div style=\"border-color: #0066ff !important;\" class=\"ui--title-borders ui--title-border-left\"><\/div><div style=\"border-color: #0066ff !important;\" class=\"ui--title-borders ui--title-border-right\"><\/div><\/div><\/div><div class=\"ui-row row\">\n <div   class=\"ui-column span4\"><div class=\"ui--box-widget\"><div  class=\"ui--content-box ui--box ui--content-item ui--animation ui-row\"><div class=\"ui--content-box-header\"><div class=\"ui--content-box-media effect--fade type--default clearfix ratio-original\"><a class=\"ui--content-box-link\" href=\"http:\/\/amscb.com\/wp-content\/uploads\/2014\/01\/uni1.jpg\" data-rel=\"prettyPhoto\" data-title=\"AM Nuestra Se\u00f1ora de los Reyes\"><div class=\"ui--content-box-image-default\"><img  class=\"ui--content-box-image\" src=\"http:\/\/amscb.com\/wp-content\/uploads\/2014\/01\/uni1.jpg\" alt=\"\" title=\"\"\/><\/div><div class=\"ui--content-box-overlay\"><div class=\"ui--content-box-overlay-background\"><\/div><div class=\"center\"><span class=\"btn btn-grey ui--center-vertical\"><span class=\"ui--content-box-overlay-button-icon\"><i class=\"ui--icon fontawesome-fullscreen\"><\/i><\/span><\/span><\/div><\/div><\/a><\/div><a class=\"ui--content-box-link\" href=\"http:\/\/amscb.com\/wp-content\/uploads\/2014\/01\/uni1.jpg\" data-rel=\"prettyPhoto\" data-title=\"AM Nuestra Se\u00f1ora de los Reyes\"><div class=\"ui--content-box-title ui--gradient ui--gradient-grey on--hover clearfix text-center\"><h5 class=\"ui--content-box-title-text\">AM Nuestra Se\u00f1ora de los Reyes<\/h5><\/div><\/a><\/div><\/div><\/div><\/div> \n\n <div   class=\"ui-column span8\"><div  class=\"ui--space clearfix\" data-responsive=\"{&quot;css&quot;:{&quot;height&quot;:{&quot;phone&quot;:null,&quot;tablet&quot;:null,&quot;widescreen&quot;:null}}}\"><\/div><div  class=\"ui--divider ui--animation clearfix ui--divider-fade-line\">\n\t\t\t\t\t\t<div class=\"ui--divider-inner-wrap\">\n\t\t\t\t\t\t\t<div class=\"ui--divider-part ui--divider-part-left\"><\/div>\n\t\t\t\t\t\t\t<div class=\"ui--divider-part ui--divider-part-right\"><\/div>\n\t\t\t\t\t\t<\/div>\n\t\t\t\t\t<\/div><div class=\"auto-format ui--animation\"><br \/>\n<h3>\n<p style=\"text-align:justify\"> El uniforme de nuestra agrupaci\u00f3n esta inspirado en el uniforme que estrenara en 1998 la AM Nuestra Se\u00f1ora de los Reyes, teniendo este su inspiraci\u00f3n en el uniforme de gala de la Guardia Civil, enlazando as\u00ed mismo con los or\u00edgenes del propio g\u00e9nero musical de agrupaci\u00f3n, e introduciendo como elemento m\u00e1s distinguido el tricornio.<\/p>\n<p>Sobre este patr\u00f3n se realizan una seria de cambios y aportaciones para adaptarlo a las necesidades y a los tiempos actuales. El color negro sigue primando en el uniforme, combin\u00e1ndose con detalles en plata, as\u00ed como con el color m\u00e1s caracter\u00edstico de la Cofrad\u00eda del Santo Cristo de la Bienaventuranza, el azul celeste. A su vez, se introducen nuevos elementos que la AM Virgen de los reyes hab\u00eda introducido en sus nuevos uniformes, tales como la canana, el cintur\u00f3n o las hombreras, siguiendo manteni\u00e9ndose a su vez el tricornio como elemento caracter\u00edstico del mismo.  <\/p>\n<\/h3>\n<\/div><div  class=\"ui--divider ui--animation clearfix ui--divider-fade-line\">\n\t\t\t\t\t\t<div class=\"ui--divider-inner-wrap\">\n\t\t\t\t\t\t\t<div class=\"ui--divider-part ui--divider-part-left\"><\/div>\n\t\t\t\t\t\t\t<div class=\"ui--divider-part ui--divider-part-right\"><\/div>\n\t\t\t\t\t\t<\/div>\n\t\t\t\t\t<\/div><\/div> \n\n<\/div> \n<div class=\"ui-row row\">\n <div   class=\"ui-column span6\"><div class=\"ui--box-widget\"><div  class=\"ui--content-box ui--box ui--content-item ui--animation ui-row\"><div class=\"ui--content-box-header\"><div class=\"ui--content-box-media effect--fade type--default clearfix\" style=\"padding-bottom: 75%;\"><a class=\"ui--content-box-link\" href=\"http:\/\/amscb.com\/wp-content\/uploads\/2014\/01\/LR34008.jpg\" data-rel=\"prettyPhoto\" data-title=\"Agrupaci\u00f3n Santo Cristo de la Bienavuntaranza con el uniforme de gala\"><div class=\"ui--content-box-image-default\"><img  class=\"ui--content-box-image\" src=\"http:\/\/amscb.com\/wp-content\/uploads\/2014\/01\/LR34008-570x428.jpg\" alt=\"\" title=\"\"\/><\/div><div class=\"ui--content-box-overlay\"><div class=\"ui--content-box-overlay-background\"><\/div><div class=\"center\"><span class=\"btn btn-grey ui--center-vertical\"><span class=\"ui--content-box-overlay-button-icon\"><i class=\"ui--icon fontawesome-fullscreen\"><\/i><\/span><\/span><\/div><\/div><\/a><\/div><a class=\"ui--content-box-link\" href=\"http:\/\/amscb.com\/wp-content\/uploads\/2014\/01\/LR34008.jpg\" data-rel=\"prettyPhoto\" data-title=\"Agrupaci\u00f3n Santo Cristo de la Bienavuntaranza con el uniforme de gala\"><div class=\"ui--content-box-title ui--gradient ui--gradient-grey on--hover clearfix text-center\"><h5 class=\"ui--content-box-title-text\">Agrupaci\u00f3n Santo Cristo de la Bienavuntaranza con el uniforme de gala<\/h5><\/div><\/a><\/div><\/div><\/div><\/div> \n\n <div   class=\"ui-column span6\"><div  class=\"ui--space clearfix\" data-responsive=\"{&quot;css&quot;:{&quot;height&quot;:{&quot;phone&quot;:null,&quot;tablet&quot;:null,&quot;widescreen&quot;:null}}}\"><\/div><div  class=\"ui--divider ui--animation clearfix ui--divider-fade-line\">\n\t\t\t\t\t\t<div class=\"ui--divider-inner-wrap\">\n\t\t\t\t\t\t\t<div class=\"ui--divider-part ui--divider-part-left\"><\/div>\n\t\t\t\t\t\t\t<div class=\"ui--divider-part ui--divider-part-right\"><\/div>\n\t\t\t\t\t\t<\/div>\n\t\t\t\t\t<\/div><div class=\"auto-format ui--animation\"><br \/>\n<h3>\n<p style=\"text-align:justify\"> El uniforme se compone de casaca negra, con el peto rematado con una franja azul y una serie de botones grabados con una lira, como s\u00edmbolo de la m\u00fasica, los faldones tambi\u00e9n incorporan un acabado en los bordes de color azul, as\u00ed como un bordado en plata con las iniciales SCB introducidas dentro de una corona de espinas, el uniforme se completa con bocamangas y cuello en azul celeste y detalles en plata. El pantal\u00f3n es de color negro con gal\u00f3n de color azul, combin\u00e1ndose con zapatos de color negro.<\/p>\n<\/h3>\n<\/div><div  class=\"ui--divider ui--animation clearfix ui--divider-fade-line\">\n\t\t\t\t\t\t<div class=\"ui--divider-inner-wrap\">\n\t\t\t\t\t\t\t<div class=\"ui--divider-part ui--divider-part-left\"><\/div>\n\t\t\t\t\t\t\t<div class=\"ui--divider-part ui--divider-part-right\"><\/div>\n\t\t\t\t\t\t<\/div>\n\t\t\t\t\t<\/div><\/div> \n\n<\/div> \n<div class=\"ui-row row\">\n <div   class=\"ui-column span6\"><div  class=\"ui--divider ui--animation clearfix ui--divider-fade-line\">\n\t\t\t\t\t\t<div class=\"ui--divider-inner-wrap\">\n\t\t\t\t\t\t\t<div class=\"ui--divider-part ui--divider-part-left\"><\/div>\n\t\t\t\t\t\t\t<div class=\"ui--divider-part ui--divider-part-right\"><\/div>\n\t\t\t\t\t\t<\/div>\n\t\t\t\t\t<\/div><div class=\"auto-format ui--animation\"><br \/>\n<h3>\n<p style=\"text-align:justify\"> Como accesorios se incorpora cintur\u00f3n de color plata y azul, y hebilla grabada con una lira y canana de charol grabada con el emblema de la cofrad\u00eda, hombreras en color negro, complementadas con un bot\u00f3n  y grabadas tambi\u00e9n con el escudo de la cofrad\u00eda. El uniforme se complementa con tricornio negro de fieltro negro con barbuquejo y gal\u00f3n plateado.<\/p>\n<p>Las componentes de la agrupaci\u00f3n incorporan un lazo de raso azul son el grabado AM SCB y nuestra ciudad natal, Le\u00f3n.\n<\/p>\n<\/h3>\n<\/div><div  class=\"ui--divider ui--animation clearfix ui--divider-fade-line\">\n\t\t\t\t\t\t<div class=\"ui--divider-inner-wrap\">\n\t\t\t\t\t\t\t<div class=\"ui--divider-part ui--divider-part-left\"><\/div>\n\t\t\t\t\t\t\t<div class=\"ui--divider-part ui--divider-part-right\"><\/div>\n\t\t\t\t\t\t<\/div>\n\t\t\t\t\t<\/div><\/div> \n\n <div   class=\"ui-column span6\"><div  class=\"ui--space clearfix\" data-responsive=\"{&quot;css&quot;:{&quot;height&quot;:{&quot;phone&quot;:null,&quot;tablet&quot;:null,&quot;widescreen&quot;:null}}}\"><\/div><div  class=\"ui--space clearfix\" data-responsive=\"{&quot;css&quot;:{&quot;height&quot;:{&quot;phone&quot;:null,&quot;tablet&quot;:null,&quot;widescreen&quot;:null}}}\"><\/div><div class=\"ui--box-widget\"><div  class=\"ui--content-box ui--box ui--content-item ui--animation ui-row\"><div class=\"ui--content-box-header\"><div class=\"ui--content-box-media effect--fade type--default clearfix ratio-original\"><a class=\"ui--content-box-link\" href=\"http:\/\/amscb.com\/wp-content\/uploads\/2014\/01\/DSC2512.bpng-1.png\" data-rel=\"prettyPhoto\" data-title=\"Accesorios del uniforme de gala\"><div class=\"ui--content-box-image-default\"><img  class=\"ui--content-box-image\" src=\"http:\/\/amscb.com\/wp-content\/uploads\/2014\/01\/DSC2512.bpng-1.png\" alt=\"\" title=\"\"\/><\/div><div class=\"ui--content-box-overlay\"><div class=\"ui--content-box-overlay-background\"><\/div><div class=\"center\"><span class=\"btn btn-grey ui--center-vertical\"><span class=\"ui--content-box-overlay-button-icon\"><i class=\"ui--icon fontawesome-fullscreen\"><\/i><\/span><\/span><\/div><\/div><\/a><\/div><a class=\"ui--content-box-link\" href=\"http:\/\/amscb.com\/wp-content\/uploads\/2014\/01\/DSC2512.bpng-1.png\" data-rel=\"prettyPhoto\" data-title=\"Accesorios del uniforme de gala\"><div class=\"ui--content-box-title ui--gradient ui--gradient-grey on--hover clearfix text-center\"><h5 class=\"ui--content-box-title-text\">Accesorios del uniforme de gala<\/h5><\/div><\/a><\/div><\/div><\/div><\/div> \n\n<\/div> \n<div class=\"ui-row row\">\n <div   class=\"ui-column span6\"><div class=\"ui--box-widget\"><div  class=\"ui--content-box ui--box ui--content-item ui--animation ui-row\"><div class=\"ui--content-box-header\"><div class=\"ui--content-box-media effect--fade type--default clearfix\" style=\"padding-bottom: 56.25%;\"><a class=\"ui--content-box-link\" href=\"http:\/\/amscb.com\/wp-content\/uploads\/2014\/01\/uni3.jpg\" data-rel=\"prettyPhoto\" data-title=\"Presentaci\u00f3n uniforme de gala\"><div class=\"ui--content-box-image-default\"><img  class=\"ui--content-box-image\" src=\"http:\/\/amscb.com\/wp-content\/uploads\/2014\/01\/uni3-570x321.jpg\" alt=\"\" title=\"\"\/><\/div><div class=\"ui--content-box-overlay\"><div class=\"ui--content-box-overlay-background\"><\/div><div class=\"center\"><span class=\"btn btn-grey ui--center-vertical\"><span class=\"ui--content-box-overlay-button-icon\"><i class=\"ui--icon fontawesome-fullscreen\"><\/i><\/span><\/span><\/div><\/div><\/a><\/div><a class=\"ui--content-box-link\" href=\"http:\/\/amscb.com\/wp-content\/uploads\/2014\/01\/uni3.jpg\" data-rel=\"prettyPhoto\" data-title=\"Presentaci\u00f3n uniforme de gala\"><div class=\"ui--content-box-title ui--gradient ui--gradient-grey on--hover clearfix text-center\"><h5 class=\"ui--content-box-title-text\">Presentaci\u00f3n uniforme de gala<\/h5><\/div><\/a><\/div><\/div><\/div><\/div> \n\n <div   class=\"ui-column span6\"><div  class=\"ui--space clearfix\" data-responsive=\"{&quot;css&quot;:{&quot;height&quot;:{&quot;phone&quot;:null,&quot;tablet&quot;:null,&quot;widescreen&quot;:null}}}\"><\/div><div  class=\"ui--space clearfix\" data-responsive=\"{&quot;css&quot;:{&quot;height&quot;:{&quot;phone&quot;:null,&quot;tablet&quot;:null,&quot;widescreen&quot;:null}}}\"><\/div><div  class=\"ui--divider ui--animation clearfix ui--divider-fade-line\">\n\t\t\t\t\t\t<div class=\"ui--divider-inner-wrap\">\n\t\t\t\t\t\t\t<div class=\"ui--divider-part ui--divider-part-left\"><\/div>\n\t\t\t\t\t\t\t<div class=\"ui--divider-part ui--divider-part-right\"><\/div>\n\t\t\t\t\t\t<\/div>\n\t\t\t\t\t<\/div><div class=\"auto-format ui--animation\"><br \/>\n<h3>\n<p style=\"text-align:justify\"> El 4 de febrero de 2012 se produjo la presentaci\u00f3n \u201coficial\u201d de la agrupaci\u00f3n en el Auditorio Ciudad de Le\u00f3n, present\u00e1ndose a su vez el uniforme de gala.\n<\/p>\n<\/h3>\n<\/div><div  class=\"ui--divider ui--animation clearfix ui--divider-fade-line\">\n\t\t\t\t\t\t<div class=\"ui--divider-inner-wrap\">\n\t\t\t\t\t\t\t<div class=\"ui--divider-part ui--divider-part-left\"><\/div>\n\t\t\t\t\t\t\t<div class=\"ui--divider-part ui--divider-part-right\"><\/div>\n\t\t\t\t\t\t<\/div>\n\t\t\t\t\t<\/div><\/div> \n\n<\/div> \n<div class=\"ui-row row\">\n <div   class=\"ui-column span6\"><div  class=\"ui--divider ui--animation clearfix ui--divider-fade-line\">\n\t\t\t\t\t\t<div class=\"ui--divider-inner-wrap\">\n\t\t\t\t\t\t\t<div class=\"ui--divider-part ui--divider-part-left\"><\/div>\n\t\t\t\t\t\t\t<div class=\"ui--divider-part ui--divider-part-right\"><\/div>\n\t\t\t\t\t\t<\/div>\n\t\t\t\t\t<\/div><div class=\"auto-format ui--animation\"><br \/>\n<h3>\n<p style=\"text-align:justify\"> De cara a las procesiones de  Semana Santa la agrupaci\u00f3n ofrece dos opciones en relaci\u00f3n a la indumentaria, el uniforme de gala o la indumentaria \u201coficial\u201d de la cofrad\u00eda, compuesta de t\u00fanica de tabl\u00f3n de sarga negra, capillo y bocamangas de raso azul celeste, c\u00edngulo del mismo color y emblema sobre el coraz\u00f3n. El h\u00e1bito se complementa con camisa blanca y corbata, guantes, pantal\u00f3n, calcetines y zapato bajo negros.\n<\/p>\n<\/h3>\n<\/div><div  class=\"ui--divider ui--animation clearfix ui--divider-fade-line\">\n\t\t\t\t\t\t<div class=\"ui--divider-inner-wrap\">\n\t\t\t\t\t\t\t<div class=\"ui--divider-part ui--divider-part-left\"><\/div>\n\t\t\t\t\t\t\t<div class=\"ui--divider-part ui--divider-part-right\"><\/div>\n\t\t\t\t\t\t<\/div>\n\t\t\t\t\t<\/div><\/div> \n\n <div   class=\"ui-column span6\"><div class=\"ui--box-widget\"><div  class=\"ui--content-box ui--box ui--content-item ui--animation ui-row\"><div class=\"ui--content-box-header\"><div class=\"ui--content-box-media effect--fade type--default clearfix\" style=\"padding-bottom: 56.25%;\"><a class=\"ui--content-box-link\" href=\"http:\/\/amscb.com\/wp-content\/uploads\/2014\/01\/LR35044.jpg\" data-rel=\"prettyPhoto\" data-title=\"\"><div class=\"ui--content-box-image-default\"><img  class=\"ui--content-box-image\" src=\"http:\/\/amscb.com\/wp-content\/uploads\/2014\/01\/LR35044-570x321.jpg\" alt=\"\" title=\"\"\/><\/div><div class=\"ui--content-box-overlay\"><div class=\"ui--content-box-overlay-background\"><\/div><div class=\"center\"><span class=\"btn btn-grey ui--center-vertical\"><span class=\"ui--content-box-overlay-button-icon\"><i class=\"ui--icon fontawesome-fullscreen\"><\/i><\/span><\/span><\/div><\/div><\/a><\/div><\/div><\/div><\/div><\/div> \n\n<\/div> \n<\/div><\/div><\/div><\/div><!-- \/.fullwidth-container -->","protected":false},"excerpt":{"rendered":"<p>Uniformidad AM Nuestra Se\u00f1ora de los Reyes El uniforme de nuestra agrupaci\u00f3n esta inspirado en el uniforme que estrenara en 1998 la AM Nuestra Se\u00f1ora de los Reyes, teniendo este su inspiraci\u00f3n en el uniforme de gala de la Guardia Civil, enlazando as\u00ed mismo con los or\u00edgenes del propio g\u00e9nero musical de agrupaci\u00f3n, e introduciendo [&hellip;]<\/p>\n","protected":false},"author":1,"featured_media":0,"parent":0,"menu_order":0,"comment_status":"open","ping_status":"open","template":"","meta":[],"_links":{"self":[{"href":"https:\/\/amscb.com\/index.php?rest_route=\/wp\/v2\/pages\/1319"}],"collection":[{"href":"https:\/\/amscb.com\/index.php?rest_route=\/wp\/v2\/pages"}],"about":[{"href":"https:\/\/amscb.com\/index.php?rest_route=\/wp\/v2\/types\/page"}],"author":[{"embeddable":true,"href":"https:\/\/amscb.com\/index.php?rest_route=\/wp\/v2\/users\/1"}],"replies":[{"embeddable":true,"href":"https:\/\/amscb.com\/index.php?rest_route=%2Fwp%2Fv2%2Fcomments&post=1319"}],"version-history":[{"count":1,"href":"https:\/\/amscb.com\/index.php?rest_route=\/wp\/v2\/pages\/1319\/revisions"}],"predecessor-version":[{"id":1320,"href":"https:\/\/amscb.com\/index.php?rest_route=\/wp\/v2\/pages\/1319\/revisions\/1320"}],"wp:attachment":[{"href":"https:\/\/amscb.com\/index.php?rest_route=%2Fwp%2Fv2%2Fmedia&parent=1319"}],"curies":[{"name":"wp","href":"https:\/\/api.w.org\/{rel}","templated":true}]}}