{"id":628958,"date":"2023-04-11T01:19:33","date_gmt":"2023-04-11T01:19:33","guid":{"rendered":"https:\/\/amscb.com\/?page_id=628958"},"modified":"2023-04-11T01:43:17","modified_gmt":"2023-04-11T01:43:17","slug":"repertorio-2023","status":"publish","type":"page","link":"https:\/\/amscb.com\/?page_id=628958","title":{"rendered":"Repertorio 2023"},"content":{"rendered":"<div  class=\"fullwidth-content ui--section clearfix\"><div  class=\"ui--section-content\"><div class=\"container\"><div  class=\"ui--tabs ui--tabs-mini ui--tabs-mini-horizontal clearfix text-left\"><div class=\"ui--tabs-header clearfix\"><div class=\"ui--tabs-header-holder\"><div class=\"ui--tabs-border-before\"><\/div><div class=\"ui--tabs-border-after\"><\/div><ul class=\"ui--tabs-titles clearfix unstyled\"><li class=\"\"><h5><a href=\"#tab-1-1\">Marchas Cl\u00e1sicas: <\/a><\/h5><\/li><li class=\"\"><h5><a href=\"#tab-1-2\">Marchas Propias: <\/a><\/h5><\/li><li class=\"\"><h5><a href=\"#tab-1-3\">Marchas Virgen de los Reyes<\/a><\/h5><\/li><li class=\"\"><h5><a href=\"#tab-1-4\">Otras Composiciones<\/a><\/h5><\/li><\/ul><\/div><\/div><div class=\"clearfix\"><\/div><ul class=\"ui--tabs-contents text-left clearfix\"><li id=\"tab-1-1\" class=\"hidden\"> <div class=\"auto-format ui--animation\"><br \/>\n<col width=\"306\" \/>\n<col width=\"80\" \/>\n<col width=\"264\" \/>\n<tr>\n<td width=\"306\">\n<h3>Alma de Dios: Flautas y liras.  <\/h3>\n<\/td>\n<\/tr>\n<tr><\/strong><\/p>\n<td width=\"306\">\n<h3>Azucena de Sevilla: Liras. <\/h3>\n<\/td>\n<\/tr>\n<tr>\n<td width=\"306\">\n<h3>Cerca de ti se\u00f1or: Liras. <\/h3>\n<\/td>\n<\/tr>\n<tr>\n<td width=\"306\">\n<h3>Cristo de las cinco llagas: Liras.<\/h3>\n<\/td>\n<\/tr>\n<tr>\n<td width=\"306\">\n<h3>Cristus Vincit: Liras. <\/h3>\n<\/td>\n<\/tr>\n<tr>\n<td width=\"306\">\n<h3>Creo en Jes\u00fas: Liras. <\/h3>\n<\/td>\n<\/tr>\n<tr>\n<td width=\"306\">\n<h3>Costalero. <\/h3>\n<\/td>\n<\/tr>\n<tr>\n<td width=\"306\">\n<h3>Consuelo Gitano. <\/h3>\n<\/td>\n<\/tr>\n<tr>\n<td width=\"306\">\n<h3>Dolores y Misericordia: Liras. <\/h3>\n<\/td>\n<\/tr>\n<tr>\n<td width=\"306\">\n<h3>Eres de todos: Liras. <\/h3>\n<\/td>\n<\/tr>\n<tr>\n<td width=\"306\">\n<h3>Himno a la Virgen del Camino. Lira<\/h3>\n<\/td>\n<\/tr>\n<tr>\n<td width=\"306\">\n<h3>Himno de San Antonio: Flautas y liras. <\/h3>\n<\/td>\n<\/tr>\n<tr>\n<td width=\"306\">\n<h3>Jes\u00fas Despojado: Liras. <\/h3>\n<\/td>\n<\/tr>\n<tr>\n<td width=\"306\">\n<h3>La herencia del Maestro: Flautas y liras. <\/h3>\n<\/td>\n<\/tr>\n<tr>\n<td width=\"306\">\n<h3>La muerte no es el final. Liras.<\/h3>\n<\/td>\n<\/tr>\n<tr>\n<td width=\"306\">\n<h3>La Salve de la Guardia Civil: Liras.  <\/h3>\n<\/td>\n<\/tr>\n<tr>\n<td width=\"306\">\n<h3>Oh pecador: Liras. ESTRENO.<\/h3>\n<\/td>\n<\/tr>\n<tr>\n<td width=\"306\">\n<h3>Pasa la Virgen del Refugio: Liras. <\/h3>\n<\/td>\n<\/tr>\n<tr>\n<td width=\"306\">\n<h3>Perdona a tu pueblo Se\u00f1or: Liras. <\/h3>\n<\/td>\n<\/tr>\n<tr>\n<td width=\"306\">\n<h3>Resucit\u00f3: Liras. <\/h3>\n<\/td>\n<\/tr>\n<tr>\n<td width=\"306\">\n<h3>Sabed que vendr\u00e1: Liras.<\/h3>\n<\/td>\n<\/tr>\n<tr>\n<td width=\"306\">\n<h3>Salve a Don Bosco Santo: Liras. <\/h3>\n<\/td>\n<\/tr>\n<tr>\n<td width=\"306\">\n<h3>Virgen de las Angustias: Liras<\/h3>\n<\/td>\n<\/tr>\n<tr>\n<\/div> <\/li><li id=\"tab-1-2\" class=\"hidden\"> <div class=\"auto-format ui--animation\"><br \/>\n<col width=\"306\" \/>\n<col width=\"80\" \/>\n<col width=\"264\" \/>\n<tr>\n<td width=\"306\">\n<h3>Al Dios de la Bienaventuranza.   <\/h3>\n<\/td>\n<\/tr>\n<tr><\/strong><\/p>\n<td width=\"306\">\n<h3>A mi Esperanza.  <\/h3>\n<\/td>\n<\/tr>\n<tr>\n<td width=\"306\">\n<h3>A ti, Carmelo.  <\/h3>\n<\/td>\n<\/tr>\n<tr>\n<td width=\"306\">\n<h3>Bienaventurado tu Reino. RECUPERACI\u00d3N.<\/h3>\n<\/td>\n<\/tr>\n<tr>\n<td width=\"306\">\n<h3>Ha llegado la hora\u2026 ESTRENO.  <\/h3>\n<\/td>\n<\/tr>\n<tr>\n<td width=\"306\">\n<h3>Iesum Nazarenum. RECUPERACI\u00d3N. <\/h3>\n<\/td>\n<\/tr>\n<tr>\n<td width=\"306\">\n<h3>La luz de la esperanza. <\/h3>\n<\/td>\n<\/tr>\n<tr>\n<td width=\"306\">\n<h3>Madre de la Misericordia: Liras. <\/h3>\n<\/td>\n<\/tr>\n<tr>\n<td width=\"306\">\n<h3>Santo Cristo de la Bienaventuranza . <\/h3>\n<\/td>\n<\/tr>\n<tr>\n<td width=\"306\">\n<h3>Se\u00f1or danos tu bendici\u00f3n. RECUPERACI\u00d3N. <\/h3>\n<\/td>\n<\/tr>\n<tr>\n<td width=\"306\">\n<h3>Shalom Aleijem. RECUPERACI\u00d3NLira<\/h3>\n<\/td>\n<\/tr>\n<tr>\n<td width=\"306\">\n<h3>Si\u00f3n. RECUPERACI\u00d3N. <\/h3>\n<\/td>\n<\/tr>\n<tr>\n<td width=\"306\">\n<h3>Sue\u00f1os de un ayer. RECUPERACI\u00d3N. <\/h3>\n<\/td>\n<\/tr>\n<tr>\n<\/div> <\/li><li id=\"tab-1-3\" class=\"hidden\"> <div class=\"auto-format ui--animation\"><br \/>\n<col width=\"306\" \/>\n<col width=\"80\" \/>\n<col width=\"264\" \/>\n<tr>\n<td width=\"306\">\n<h3>\u00a1A la Gloria!   <\/h3>\n<\/td>\n<\/tr>\n<tr><\/strong><\/p>\n<td width=\"306\">\n<h3>Al cristo de los faroles.  RECUPERACI\u00d3N.  <\/h3>\n<\/td>\n<\/tr>\n<tr>\n<td width=\"306\">\n<h3>Caridad del Guadalquivir. RECUPERACI\u00d3N.  <\/h3>\n<\/td>\n<\/tr>\n<tr>\n<td width=\"306\">\n<h3>Cautivo ante Pilatos. RECUPERACI\u00d3N.<\/h3>\n<\/td>\n<\/tr>\n<tr>\n<td width=\"306\">\n<h3>Gitano de Sevilla. RECUPERACI\u00d3N. <\/h3>\n<\/td>\n<\/tr>\n<tr>\n<td width=\"306\">\n<h3>Jes\u00fas de la Caridad. <\/h3>\n<\/td>\n<\/tr>\n<tr>\n<td width=\"306\">\n<h3>Juder\u00eda Sevillana. <\/h3>\n<\/td>\n<\/tr>\n<tr>\n<td width=\"306\">\n<h3>La esperanza de Mar\u00eda. <\/h3>\n<\/td>\n<\/tr>\n<tr>\n<td width=\"306\">\n<h3>La m\u00fasica del pueblo. RECUPERACI\u00d3N. <\/h3>\n<\/td>\n<\/tr>\n<tr>\n<td width=\"306\">\n<h3>La soledad del Cautivo. <\/h3>\n<\/td>\n<\/tr>\n<tr>\n<td width=\"306\">\n<h3>Reina de Reyes.<\/h3>\n<\/td>\n<\/tr>\n<tr>\n<td width=\"306\">\n<h3>Salud para los enfermos. Liras ESTRENO.  <\/h3>\n<\/td>\n<\/tr>\n<tr>\n<td width=\"306\">\n<h3>Sevilla en primavera.  RECUPERACI\u00d3N. <\/h3>\n<\/td>\n<\/tr>\n<tr>\n<td width=\"306\">\n<h3>Tu Misericordia.  RECUPERACI\u00d3N.<\/h3>\n<\/td>\n<\/tr>\n<tr>\n<td width=\"306\">\n<h3>Unidos por tu sangre. <\/h3>\n<\/td>\n<\/tr>\n<tr>\n<td width=\"306\">\n<h3>Y al tercer d\u00eda\u2026  <\/h3>\n<\/td>\n<\/tr>\n<tr>\n<\/div> <\/li><li id=\"tab-1-4\" class=\"hidden\"> <div class=\"auto-format ui--animation\"><br \/>\n<col width=\"306\" \/>\n<col width=\"80\" \/>\n<col width=\"264\" \/>\n<tr>\n<td width=\"306\">\n<h3>Costaleros del Amor.    <\/h3>\n<\/td>\n<\/tr>\n<tr><\/strong><\/p>\n<td width=\"306\">\n<h3>Entre Rosas y Espinas. Liras.  <\/h3>\n<\/td>\n<\/tr>\n<tr>\n<td width=\"306\">\n<h3>Estrella Reina del Cielo.   <\/h3>\n<\/td>\n<\/tr>\n<tr>\n<td width=\"306\">\n<h3>Los ni\u00f1os hebreos. Lira. .<\/h3>\n<\/td>\n<\/tr>\n<tr>\n<td width=\"306\">\n<h3>\u00a1Oh Bendita Estrella! Liras.<\/h3>\n<\/td>\n<\/tr>\n<tr>\n<td width=\"306\">\n<h3>Oraci\u00f3n. Lira . <\/h3>\n<\/td>\n<\/tr>\n<tr>\n<td width=\"306\">\n<h3>Pangue Lingua.  <\/h3>\n<\/td>\n<\/tr>\n<tr>\n<td width=\"306\">\n<h3>Reina de mi amargura.  <\/h3>\n<\/td>\n<\/tr>\n<tr>\n<td width=\"306\">\n<h3>Siempre en mi Coraz\u00f3n<\/h3>\n<\/td>\n<\/tr>\n<tr>\n<td width=\"306\">\n<h3>Toque de Oraci\u00f3n. Estreno. <\/h3>\n<\/td>\n<\/tr>\n<tr>\n<td width=\"306\">\n<h3>Tras de ti mi Cautivo. Liras.<\/h3>\n<\/td>\n<\/tr>\n<tr>\n<td width=\"306\">\n<h3>Y contigo hasta el cielo. RECUPERACI\u00d3N.  <\/h3>\n<\/td>\n<\/tr>\n<tr>\n<\/div> <\/li><\/ul><\/div><\/div><\/div><\/div><!-- \/.fullwidth-container -->","protected":false},"excerpt":{"rendered":"<p>Marchas Cl\u00e1sicas: Marchas Propias: Marchas Virgen de los ReyesOtras Composiciones Alma de Dios: Flautas y liras. Azucena de Sevilla: Liras. Cerca de ti se\u00f1or: Liras. Cristo de las cinco llagas: Liras. Cristus Vincit: Liras. Creo en Jes\u00fas: Liras. Costalero. Consuelo Gitano. Dolores y Misericordia: Liras. Eres de todos: Liras. Himno a la Virgen del Camino. [&hellip;]<\/p>\n","protected":false},"author":1,"featured_media":0,"parent":0,"menu_order":0,"comment_status":"closed","ping_status":"closed","template":"","meta":[],"_links":{"self":[{"href":"https:\/\/amscb.com\/index.php?rest_route=\/wp\/v2\/pages\/628958"}],"collection":[{"href":"https:\/\/amscb.com\/index.php?rest_route=\/wp\/v2\/pages"}],"about":[{"href":"https:\/\/amscb.com\/index.php?rest_route=\/wp\/v2\/types\/page"}],"author":[{"embeddable":true,"href":"https:\/\/amscb.com\/index.php?rest_route=\/wp\/v2\/users\/1"}],"replies":[{"embeddable":true,"href":"https:\/\/amscb.com\/index.php?rest_route=%2Fwp%2Fv2%2Fcomments&post=628958"}],"version-history":[{"count":3,"href":"https:\/\/amscb.com\/index.php?rest_route=\/wp\/v2\/pages\/628958\/revisions"}],"predecessor-version":[{"id":628967,"href":"https:\/\/amscb.com\/index.php?rest_route=\/wp\/v2\/pages\/628958\/revisions\/628967"}],"wp:attachment":[{"href":"https:\/\/amscb.com\/index.php?rest_route=%2Fwp%2Fv2%2Fmedia&parent=628958"}],"curies":[{"name":"wp","href":"https:\/\/api.w.org\/{rel}","templated":true}]}}